{"id":25,"date":"2013-05-16T20:33:50","date_gmt":"2013-05-16T20:33:50","guid":{"rendered":"http:\/\/pixelgrapes.com\/demo\/trek\/?page_id=25"},"modified":"2015-03-22T14:37:50","modified_gmt":"2015-03-22T18:37:50","slug":"blog","status":"publish","type":"page","link":"https:\/\/allmountain.cl\/en\/blog-classic\/blog\/","title":{"rendered":"Blog"},"content":{"rendered":"<h1 class=\"titularArticulo\">70 hect\u00e1reas del Parque Nacional Conguill\u00edo han sido quemadas por incendio forestal<\/h1>\n<h4 class=\"bajadaArt\">Tras el paso del incendio por la Reserva Nacional China Muerta, que ha consumido 3.515 hect\u00e1reas, el fuego logr\u00f3 propagarse al parque nacional, quemando bosques de Araucarias, \u00d1irres y Lingues.<\/h4>\n<p>Para el combate de las llamas, desde la Corporaci\u00f3n Nacional Forestal (Conaf) informaron de la llegada de 50 brigadistas argentinos que se sumaron al trabajo de los centenares de brijadistas de Conaf.<\/p>\n<p>Asimismo, desde el organismo aseguraron que para ma\u00f1ana se pronostica viento Puelche, lo que dificultar\u00eda las labores de combate, por la temperatura c\u00e1lida de las r\u00e1fagas de viento.<\/p>\n<p>En el control del siniestro trabajaron esta jornada 10 brigadas de Conaf, dos helic\u00f3pteros y dos aviones, adem\u00e1s de bomberos y camiones aljibes.","protected":false},"excerpt":{"rendered":"<p>70 hect\u00e1reas del Parque Nacional Conguill\u00edo han sido quemadas por incendio forestal Tras el paso del incendio por la Reserva Nacional China Muerta, que ha consumido 3.515 hect\u00e1reas, el fuego logr\u00f3 propagarse al parque nacional, quemando bosques de Araucarias, \u00d1irres y Lingues. Para el combate de las llamas, desde la Corporaci\u00f3n Nacional Forestal (Conaf) informaron [&hellip;]<\/p>\n","protected":false},"author":2,"featured_media":544,"parent":101,"menu_order":0,"comment_status":"open","ping_status":"open","template":"page-blog.php","meta":{"_acf_changed":false,"footnotes":""},"class_list":["post-25","page","type-page","status-publish","has-post-thumbnail","hentry"],"acf":[],"yoast_head":"<!-- This site is optimized with the Yoast SEO plugin v26.0 - https:\/\/yoast.com\/wordpress\/plugins\/seo\/ -->\n<title>Blog | AllMountain Chile<\/title>\n<meta name=\"robots\" content=\"index, follow, max-snippet:-1, max-image-preview:large, max-video-preview:-1\" \/>\n<link rel=\"canonical\" href=\"https:\/\/allmountain.cl\/blog-classic\/blog\/\" \/>\n<meta property=\"og:locale\" content=\"en_US\" \/>\n<meta property=\"og:type\" content=\"article\" \/>\n<meta property=\"og:title\" content=\"Blog | AllMountain Chile\" \/>\n<meta property=\"og:description\" content=\"70 hect\u00e1reas del Parque Nacional Conguill\u00edo han sido quemadas por incendio forestal Tras el paso del incendio por la Reserva Nacional China Muerta, que ha consumido 3.515 hect\u00e1reas, el fuego logr\u00f3 propagarse al parque nacional, quemando bosques de Araucarias, \u00d1irres y Lingues. Para el combate de las llamas, desde la Corporaci\u00f3n Nacional Forestal (Conaf) informaron [&hellip;]\" \/>\n<meta property=\"og:url\" content=\"https:\/\/allmountain.cl\/blog-classic\/blog\/\" \/>\n<meta property=\"og:site_name\" content=\"AllMountain Chile\" \/>\n<meta property=\"article:publisher\" content=\"https:\/\/www.facebook.com\/allmountainchile\/\" \/>\n<meta property=\"article:modified_time\" content=\"2015-03-22T18:37:50+00:00\" \/>\n<meta property=\"og:image\" content=\"https:\/\/allmountain.cl\/wp-content\/uploads\/2013\/05\/CONG.jpg\" \/>\n\t<meta property=\"og:image:width\" content=\"620\" \/>\n\t<meta property=\"og:image:height\" content=\"375\" \/>\n\t<meta property=\"og:image:type\" content=\"image\/jpeg\" \/>\n<meta name=\"twitter:card\" content=\"summary_large_image\" \/>\n<meta name=\"twitter:label1\" content=\"Est. reading time\" \/>\n\t<meta name=\"twitter:data1\" content=\"1 minute\" \/>\n<script type=\"application\/ld+json\" class=\"yoast-schema-graph\">{\"@context\":\"https:\/\/schema.org\",\"@graph\":[{\"@type\":\"WebPage\",\"@id\":\"https:\/\/allmountain.cl\/blog-classic\/blog\/\",\"url\":\"https:\/\/allmountain.cl\/blog-classic\/blog\/\",\"name\":\"Blog | AllMountain Chile\",\"isPartOf\":{\"@id\":\"https:\/\/allmountain.cl\/#website\"},\"primaryImageOfPage\":{\"@id\":\"https:\/\/allmountain.cl\/blog-classic\/blog\/#primaryimage\"},\"image\":{\"@id\":\"https:\/\/allmountain.cl\/blog-classic\/blog\/#primaryimage\"},\"thumbnailUrl\":\"https:\/\/allmountain.cl\/wp-content\/uploads\/2013\/05\/CONG.jpg\",\"datePublished\":\"2013-05-16T20:33:50+00:00\",\"dateModified\":\"2015-03-22T18:37:50+00:00\",\"breadcrumb\":{\"@id\":\"https:\/\/allmountain.cl\/blog-classic\/blog\/#breadcrumb\"},\"inLanguage\":\"en-US\",\"potentialAction\":[{\"@type\":\"ReadAction\",\"target\":[\"https:\/\/allmountain.cl\/blog-classic\/blog\/\"]}]},{\"@type\":\"ImageObject\",\"inLanguage\":\"en-US\",\"@id\":\"https:\/\/allmountain.cl\/blog-classic\/blog\/#primaryimage\",\"url\":\"https:\/\/allmountain.cl\/wp-content\/uploads\/2013\/05\/CONG.jpg\",\"contentUrl\":\"https:\/\/allmountain.cl\/wp-content\/uploads\/2013\/05\/CONG.jpg\",\"width\":620,\"height\":375},{\"@type\":\"BreadcrumbList\",\"@id\":\"https:\/\/allmountain.cl\/blog-classic\/blog\/#breadcrumb\",\"itemListElement\":[{\"@type\":\"ListItem\",\"position\":1,\"name\":\"Portada\",\"item\":\"https:\/\/allmountain.cl\/\"},{\"@type\":\"ListItem\",\"position\":2,\"name\":\"Blog Classic\",\"item\":\"https:\/\/allmountain.cl\/blog-classic\/\"},{\"@type\":\"ListItem\",\"position\":3,\"name\":\"Blog\"}]},{\"@type\":\"WebSite\",\"@id\":\"https:\/\/allmountain.cl\/#website\",\"url\":\"https:\/\/allmountain.cl\/\",\"name\":\"AllMountain Chile\",\"description\":\"Trekking &amp; Expeditions\",\"publisher\":{\"@id\":\"https:\/\/allmountain.cl\/#organization\"},\"potentialAction\":[{\"@type\":\"SearchAction\",\"target\":{\"@type\":\"EntryPoint\",\"urlTemplate\":\"https:\/\/allmountain.cl\/?s={search_term_string}\"},\"query-input\":{\"@type\":\"PropertyValueSpecification\",\"valueRequired\":true,\"valueName\":\"search_term_string\"}}],\"inLanguage\":\"en-US\"},{\"@type\":\"Organization\",\"@id\":\"https:\/\/allmountain.cl\/#organization\",\"name\":\"AllMountain Chile\",\"url\":\"https:\/\/allmountain.cl\/\",\"logo\":{\"@type\":\"ImageObject\",\"inLanguage\":\"en-US\",\"@id\":\"https:\/\/allmountain.cl\/#\/schema\/logo\/image\/\",\"url\":\"https:\/\/allmountain.cl\/wp-content\/uploads\/2023\/07\/Logo-fondo-negro.png\",\"contentUrl\":\"https:\/\/allmountain.cl\/wp-content\/uploads\/2023\/07\/Logo-fondo-negro.png\",\"width\":544,\"height\":384,\"caption\":\"AllMountain Chile\"},\"image\":{\"@id\":\"https:\/\/allmountain.cl\/#\/schema\/logo\/image\/\"},\"sameAs\":[\"https:\/\/www.facebook.com\/allmountainchile\/\",\"https:\/\/www.instagram.com\/allmountain.cl\/\"]}]}<\/script>\n<!-- \/ Yoast SEO plugin. -->","yoast_head_json":{"title":"Blog | AllMountain Chile","robots":{"index":"index","follow":"follow","max-snippet":"max-snippet:-1","max-image-preview":"max-image-preview:large","max-video-preview":"max-video-preview:-1"},"canonical":"https:\/\/allmountain.cl\/blog-classic\/blog\/","og_locale":"en_US","og_type":"article","og_title":"Blog | AllMountain Chile","og_description":"70 hect\u00e1reas del Parque Nacional Conguill\u00edo han sido quemadas por incendio forestal Tras el paso del incendio por la Reserva Nacional China Muerta, que ha consumido 3.515 hect\u00e1reas, el fuego logr\u00f3 propagarse al parque nacional, quemando bosques de Araucarias, \u00d1irres y Lingues. Para el combate de las llamas, desde la Corporaci\u00f3n Nacional Forestal (Conaf) informaron [&hellip;]","og_url":"https:\/\/allmountain.cl\/blog-classic\/blog\/","og_site_name":"AllMountain Chile","article_publisher":"https:\/\/www.facebook.com\/allmountainchile\/","article_modified_time":"2015-03-22T18:37:50+00:00","og_image":[{"width":620,"height":375,"url":"https:\/\/allmountain.cl\/wp-content\/uploads\/2013\/05\/CONG.jpg","type":"image\/jpeg"}],"twitter_card":"summary_large_image","twitter_misc":{"Est. reading time":"1 minute"},"schema":{"@context":"https:\/\/schema.org","@graph":[{"@type":"WebPage","@id":"https:\/\/allmountain.cl\/blog-classic\/blog\/","url":"https:\/\/allmountain.cl\/blog-classic\/blog\/","name":"Blog | AllMountain Chile","isPartOf":{"@id":"https:\/\/allmountain.cl\/#website"},"primaryImageOfPage":{"@id":"https:\/\/allmountain.cl\/blog-classic\/blog\/#primaryimage"},"image":{"@id":"https:\/\/allmountain.cl\/blog-classic\/blog\/#primaryimage"},"thumbnailUrl":"https:\/\/allmountain.cl\/wp-content\/uploads\/2013\/05\/CONG.jpg","datePublished":"2013-05-16T20:33:50+00:00","dateModified":"2015-03-22T18:37:50+00:00","breadcrumb":{"@id":"https:\/\/allmountain.cl\/blog-classic\/blog\/#breadcrumb"},"inLanguage":"en-US","potentialAction":[{"@type":"ReadAction","target":["https:\/\/allmountain.cl\/blog-classic\/blog\/"]}]},{"@type":"ImageObject","inLanguage":"en-US","@id":"https:\/\/allmountain.cl\/blog-classic\/blog\/#primaryimage","url":"https:\/\/allmountain.cl\/wp-content\/uploads\/2013\/05\/CONG.jpg","contentUrl":"https:\/\/allmountain.cl\/wp-content\/uploads\/2013\/05\/CONG.jpg","width":620,"height":375},{"@type":"BreadcrumbList","@id":"https:\/\/allmountain.cl\/blog-classic\/blog\/#breadcrumb","itemListElement":[{"@type":"ListItem","position":1,"name":"Portada","item":"https:\/\/allmountain.cl\/"},{"@type":"ListItem","position":2,"name":"Blog Classic","item":"https:\/\/allmountain.cl\/blog-classic\/"},{"@type":"ListItem","position":3,"name":"Blog"}]},{"@type":"WebSite","@id":"https:\/\/allmountain.cl\/#website","url":"https:\/\/allmountain.cl\/","name":"AllMountain Chile","description":"Trekking &amp; Expeditions","publisher":{"@id":"https:\/\/allmountain.cl\/#organization"},"potentialAction":[{"@type":"SearchAction","target":{"@type":"EntryPoint","urlTemplate":"https:\/\/allmountain.cl\/?s={search_term_string}"},"query-input":{"@type":"PropertyValueSpecification","valueRequired":true,"valueName":"search_term_string"}}],"inLanguage":"en-US"},{"@type":"Organization","@id":"https:\/\/allmountain.cl\/#organization","name":"AllMountain Chile","url":"https:\/\/allmountain.cl\/","logo":{"@type":"ImageObject","inLanguage":"en-US","@id":"https:\/\/allmountain.cl\/#\/schema\/logo\/image\/","url":"https:\/\/allmountain.cl\/wp-content\/uploads\/2023\/07\/Logo-fondo-negro.png","contentUrl":"https:\/\/allmountain.cl\/wp-content\/uploads\/2023\/07\/Logo-fondo-negro.png","width":544,"height":384,"caption":"AllMountain Chile"},"image":{"@id":"https:\/\/allmountain.cl\/#\/schema\/logo\/image\/"},"sameAs":["https:\/\/www.facebook.com\/allmountainchile\/","https:\/\/www.instagram.com\/allmountain.cl\/"]}]}},"_links":{"self":[{"href":"https:\/\/allmountain.cl\/en\/wp-json\/wp\/v2\/pages\/25","targetHints":{"allow":["GET"]}}],"collection":[{"href":"https:\/\/allmountain.cl\/en\/wp-json\/wp\/v2\/pages"}],"about":[{"href":"https:\/\/allmountain.cl\/en\/wp-json\/wp\/v2\/types\/page"}],"author":[{"embeddable":true,"href":"https:\/\/allmountain.cl\/en\/wp-json\/wp\/v2\/users\/2"}],"replies":[{"embeddable":true,"href":"https:\/\/allmountain.cl\/en\/wp-json\/wp\/v2\/comments?post=25"}],"version-history":[{"count":5,"href":"https:\/\/allmountain.cl\/en\/wp-json\/wp\/v2\/pages\/25\/revisions"}],"predecessor-version":[{"id":557,"href":"https:\/\/allmountain.cl\/en\/wp-json\/wp\/v2\/pages\/25\/revisions\/557"}],"up":[{"embeddable":true,"href":"https:\/\/allmountain.cl\/en\/wp-json\/wp\/v2\/pages\/101"}],"wp:featuredmedia":[{"embeddable":true,"href":"https:\/\/allmountain.cl\/en\/wp-json\/wp\/v2\/media\/544"}],"wp:attachment":[{"href":"https:\/\/allmountain.cl\/en\/wp-json\/wp\/v2\/media?parent=25"}],"curies":[{"name":"wp","href":"https:\/\/api.w.org\/{rel}","templated":true}]}}