{"id":154,"date":"2013-06-03T21:14:28","date_gmt":"2013-06-03T21:14:28","guid":{"rendered":"http:\/\/pixelgrapes.com\/demo\/trek\/?page_id=154"},"modified":"2013-06-03T21:14:28","modified_gmt":"2013-06-03T21:14:28","slug":"headings-and-text-boxes","status":"publish","type":"page","link":"https:\/\/allmountain.cl\/en\/headings-and-text-boxes\/","title":{"rendered":"Testimonials and Text Boxes"},"content":{"rendered":"<h4>Testimonials<\/h4>\n<\/div><\/div><\/div>\n<div class=\"testimonial-wrapper\">\n<div class=\"container\">\n<div class=\"row-fluid\">\n<div class=\"post-row\">\n  <div id=\"myCarousel\" class=\"carousel postCarousel slide\">\n        \n    <!-- Carousel items -->\n    <div class=\"carousel-inner\">\n      <div class=\"active item row-fluid\">\n                <div class=\"span4\">\n          <div class=\"testimonial post\">\n          \n            <h4>\n              Trekking Cerro Alto del Naranjo (Half Day Cerro Provincia)            <\/h4>\n            <p>Excelente servicio! Excelentes personas, recomendadisimo el trekking! sin dudar es la mejor opci\u00f3n de chile!! La pasamos de 10, y no \u00edbamos a llegar a la cima, si no fuera por los profesionales que nos acompa\u00f1aron en todo momento!!<\/p>\n          <\/div>\n          <div class=\"author-wrapper\">\n            <div class=\"arrow\"> <\/div><div class=\"t-image\"><img decoding=\"async\" src=\"https:\/\/allmountain.cl\/wp-content\/uploads\/2018\/08\/39159149_2148188205213696_1957898929651580928_o-50x50.jpg\" class=\"attachment-Testimonial Pic size-Testimonial Pic wp-post-image\" alt=\"\" srcset=\"https:\/\/allmountain.cl\/wp-content\/uploads\/2018\/08\/39159149_2148188205213696_1957898929651580928_o-50x50.jpg 50w, https:\/\/allmountain.cl\/wp-content\/uploads\/2018\/08\/39159149_2148188205213696_1957898929651580928_o-150x150.jpg 150w, https:\/\/allmountain.cl\/wp-content\/uploads\/2018\/08\/39159149_2148188205213696_1957898929651580928_o-300x300.jpg 300w\" sizes=\"(max-width: 50px) 100vw, 50px\" \/>            <div class=\"testimonial-sign\"> Camila Zelada-Paraguay <\/div><\/div>\n          <\/div>\n          <\/div>                  <div class=\"span4\">\n          <div class=\"testimonial post\">\n          \n            <h4>\n              Panoramic Mountain Tour Embalse El Yeso            <\/h4>\n            <p>Excelente d\u00eda junto a los amigos de Allmountain Chile.\u00a0Excelente desconectarse de todo. Los amigos, la naturaleza y la paz del lugar son impagables 100% recomendable.<\/p>\n          <\/div>\n          <div class=\"author-wrapper\">\n            <div class=\"arrow\"> <\/div><div class=\"t-image\"><img decoding=\"async\" src=\"https:\/\/allmountain.cl\/wp-content\/uploads\/2018\/08\/IMG-20180815-WA0047-2-50x50.jpg\" class=\"attachment-Testimonial Pic size-Testimonial Pic wp-post-image\" alt=\"\" srcset=\"https:\/\/allmountain.cl\/wp-content\/uploads\/2018\/08\/IMG-20180815-WA0047-2-50x50.jpg 50w, https:\/\/allmountain.cl\/wp-content\/uploads\/2018\/08\/IMG-20180815-WA0047-2-150x150.jpg 150w, https:\/\/allmountain.cl\/wp-content\/uploads\/2018\/08\/IMG-20180815-WA0047-2-300x300.jpg 300w\" sizes=\"(max-width: 50px) 100vw, 50px\" \/>            <div class=\"testimonial-sign\"> Jenaro Guti\u00e9rrez-Chile <\/div><\/div>\n          <\/div>\n          <\/div>                  <div class=\"span4\">\n          <div class=\"testimonial post\">\n          \n            <h4>\n              Trekking Cerro Provincia            <\/h4>\n            <p>Excelente salida al cerro provincia. Gracias chicos, muy bien organizado y muy buena onda.<\/p>\n          <\/div>\n          <div class=\"author-wrapper\">\n            <div class=\"arrow\"> <\/div><div class=\"t-image\"><img decoding=\"async\" src=\"https:\/\/allmountain.cl\/wp-content\/uploads\/2018\/08\/36230887_2058132704219247_7679814005317173248_o-50x50.jpg\" class=\"attachment-Testimonial Pic size-Testimonial Pic wp-post-image\" alt=\"\" srcset=\"https:\/\/allmountain.cl\/wp-content\/uploads\/2018\/08\/36230887_2058132704219247_7679814005317173248_o-50x50.jpg 50w, https:\/\/allmountain.cl\/wp-content\/uploads\/2018\/08\/36230887_2058132704219247_7679814005317173248_o-150x150.jpg 150w, https:\/\/allmountain.cl\/wp-content\/uploads\/2018\/08\/36230887_2058132704219247_7679814005317173248_o-300x300.jpg 300w\" sizes=\"(max-width: 50px) 100vw, 50px\" \/>            <div class=\"testimonial-sign\"> Fede Moroni-Argentina <\/div><\/div>\n          <\/div>\n          <\/div><\/div><div class=\"item row-fluid\">                  <div class=\"span4\">\n          <div class=\"testimonial post\">\n          \n            <h4>\n              Embalse El Yeso Tour            <\/h4>\n            <p>Ten\u00edamos contratado el Tour al Embalse del Yeso y por las condiciones de clima los guardabosques no nos permitieron subir, a\u00fan as\u00ed Ruth y Charlie lograron solucionar el d\u00eda llev\u00e1ndonos a otro tipo de tour; el cual tambi\u00e9n estuvo incre\u00edble. Los dos fueron super amables, atentos y manejaron la situaci\u00f3n super bien, adem\u00e1s de que prepararon comida super rica y vino! Excelente compa\u00f1\u00eda, super recomendado y definitivo viajar\u00eda con ellos otra vez.<\/p>\n          <\/div>\n          <div class=\"author-wrapper\">\n            <div class=\"arrow\"> <\/div><div class=\"t-image\"><img decoding=\"async\" src=\"https:\/\/allmountain.cl\/wp-content\/uploads\/2018\/07\/36228748_2059777597388091_9026713013448605696_o-50x50.jpg\" class=\"attachment-Testimonial Pic size-Testimonial Pic wp-post-image\" alt=\"\" srcset=\"https:\/\/allmountain.cl\/wp-content\/uploads\/2018\/07\/36228748_2059777597388091_9026713013448605696_o-50x50.jpg 50w, https:\/\/allmountain.cl\/wp-content\/uploads\/2018\/07\/36228748_2059777597388091_9026713013448605696_o-150x150.jpg 150w, https:\/\/allmountain.cl\/wp-content\/uploads\/2018\/07\/36228748_2059777597388091_9026713013448605696_o-300x300.jpg 300w\" sizes=\"(max-width: 50px) 100vw, 50px\" \/>            <div class=\"testimonial-sign\"> Lorena Solis-M\u00e9xico <\/div><\/div>\n          <\/div>\n          <\/div>                  <div class=\"span4\">\n          <div class=\"testimonial post\">\n          \n            <h4>\n              Cerro El Plomo Expedition            <\/h4>\n            <div>La vivencia de lo que pasamos en esos d\u00edas, va a ser para m\u00ed inolvidable, todo el recorrido es hermoso, el ascenso exigente pero gratificante por el lugar. Con respecto al servicio, es excelente, los traslados al lugar, el itinerario, las comidas, el ascenso &#8230; pero principalmente, es el cari\u00f1o y el profesionalismo con que encaran esta actividad, lo destacable.<\/div>\n<div>Gracias por compartir este gran ascenso &#8230; abrazo de cumbre !<\/div>\n<div>Pablo &#8230; desde el otro lado de la cordillera<\/div>\n          <\/div>\n          <div class=\"author-wrapper\">\n            <div class=\"arrow\"> <\/div><div class=\"t-image\"><img decoding=\"async\" src=\"https:\/\/allmountain.cl\/wp-content\/uploads\/2013\/05\/chile2016-133-50x50.jpg\" class=\"attachment-Testimonial Pic size-Testimonial Pic wp-post-image\" alt=\"\" srcset=\"https:\/\/allmountain.cl\/wp-content\/uploads\/2013\/05\/chile2016-133-50x50.jpg 50w, https:\/\/allmountain.cl\/wp-content\/uploads\/2013\/05\/chile2016-133-150x150.jpg 150w\" sizes=\"(max-width: 50px) 100vw, 50px\" \/>            <div class=\"testimonial-sign\"> Pablo-Argentina <\/div><\/div>\n          <\/div>\n          <\/div>                  <div class=\"span4\">\n          <div class=\"testimonial post\">\n          \n            <h4>\n              Mountain Tour Embalse, Laguna de Los Patos, Termas del Plomo            <\/h4>\n            <p>La mejor agencia para hacer tus actividades en Chile!! Los gu\u00edas, Ruth y Charlie son s\u00faper amables y est\u00e1n muy preparados para cualquier situaci\u00f3n. Sin dudarlo, yo volveria a hacer actividades con ellos! Los recomiendo much\u00edsimo!! Ya quiero regresar a Chile solo para hacer otro Trekking con ellos<span class=\"_5mfr _47e3\"><img loading=\"lazy\" decoding=\"async\" class=\"img\" role=\"presentation\" src=\"https:\/\/static.xx.fbcdn.net\/images\/emoji.php\/v9\/ffe\/1\/16\/1f44f.png\" alt=\"\" width=\"16\" height=\"16\" \/><span class=\"_7oe\">?<\/span><\/span><span class=\"_5mfr _47e3\"><img loading=\"lazy\" decoding=\"async\" class=\"img\" role=\"presentation\" src=\"https:\/\/static.xx.fbcdn.net\/images\/emoji.php\/v9\/f7b\/1\/16\/1f44c.png\" alt=\"\" width=\"16\" height=\"16\" \/><span class=\"_7oe\">?<\/span><\/span><\/p>\n          <\/div>\n          <div class=\"author-wrapper\">\n            <div class=\"arrow\"> <\/div><div class=\"t-image\"><img decoding=\"async\" src=\"https:\/\/allmountain.cl\/wp-content\/uploads\/2018\/08\/isa-50x50.jpeg\" class=\"attachment-Testimonial Pic size-Testimonial Pic wp-post-image\" alt=\"\" srcset=\"https:\/\/allmountain.cl\/wp-content\/uploads\/2018\/08\/isa-50x50.jpeg 50w, https:\/\/allmountain.cl\/wp-content\/uploads\/2018\/08\/isa-150x150.jpeg 150w, https:\/\/allmountain.cl\/wp-content\/uploads\/2018\/08\/isa-300x300.jpeg 300w\" sizes=\"(max-width: 50px) 100vw, 50px\" \/>            <div class=\"testimonial-sign\"> Isa Robles-M\u00e9xico <\/div><\/div>\n          <\/div>\n          <\/div>                  <div class=\"span4\">\n          <div class=\"testimonial post\">\n          \n            <h4>\n              Mountain Tour Farellones-Valle Nevado            <\/h4>\n            <p>Experiencia \u00fanica!<br \/>\nSoy Mexicana y fui unos d\u00edas a Chile con amigas de Espa\u00f1a&#8230; quer\u00edamos conocer lo m\u00e1ximo ya que ten\u00edamos el tiempo limitado para hacerlo, nos hablaron de Allmountain y de su trabajo, nos pusimos en contacto con ellos y desde el primer momento se dedicaron a darnos a detalle todo para la excursion, preguntarnos que nos parec\u00eda para  <a href=\"https:\/\/allmountain.cl\/en\/testimonial\/espanol-mountain-tour-farellones-valle-nevado\/#more-1506\" class=\"more-link\"><span aria-label=\"Continue reading Mountain Tour Farellones-Valle Nevado\">(more&hellip;)<\/span><\/a><\/p>\n          <\/div>\n          <div class=\"author-wrapper\">\n            <div class=\"arrow\"> <\/div><div class=\"t-image\"><img decoding=\"async\" src=\"https:\/\/allmountain.cl\/wp-content\/uploads\/2018\/03\/22405753_1745682128797641_7018684501972585934_n-1-50x50.jpg\" class=\"attachment-Testimonial Pic size-Testimonial Pic wp-post-image\" alt=\"\" srcset=\"https:\/\/allmountain.cl\/wp-content\/uploads\/2018\/03\/22405753_1745682128797641_7018684501972585934_n-1-50x50.jpg 50w, https:\/\/allmountain.cl\/wp-content\/uploads\/2018\/03\/22405753_1745682128797641_7018684501972585934_n-1-150x150.jpg 150w, https:\/\/allmountain.cl\/wp-content\/uploads\/2018\/03\/22405753_1745682128797641_7018684501972585934_n-1-300x300.jpg 300w\" sizes=\"(max-width: 50px) 100vw, 50px\" \/>            <div class=\"testimonial-sign\">  Nathalia Reynoso-M\u00e9xico <\/div><\/div>\n          <\/div>\n          <\/div>                  <div class=\"span4\">\n          <div class=\"testimonial post\">\n          \n            <h4>\n              Trekking Cerro Provincia            <\/h4>\n            <p>Amazing Experience!<\/p>\n<p>I traveled from Washington, D.C. to Chile this December to visit Santiago and hike around the Andes. Before arriving, I tried but failed to find a company who would lead groups to Cerro Provincia, a 9,020 ft (2,750 m) mountain near Santiago. Luckily, when I arrived in Chile I heard about Allmountain Tours and they were more than willing to organize a trek for the day! <a href=\"https:\/\/allmountain.cl\/en\/testimonial\/espanol-trekking-cerro-provincia-2\/#more-2545\" class=\"more-link\"><span aria-label=\"Continue reading Trekking Cerro Provincia\">(more&hellip;)<\/span><\/a><\/p>\n          <\/div>\n          <div class=\"author-wrapper\">\n            <div class=\"arrow\"> <\/div><div class=\"t-image\"><img decoding=\"async\" src=\"https:\/\/allmountain.cl\/wp-content\/uploads\/2018\/08\/15781571_1406269742738883_6139418050866219905_n-50x50.jpg\" class=\"attachment-Testimonial Pic size-Testimonial Pic wp-post-image\" alt=\"\" srcset=\"https:\/\/allmountain.cl\/wp-content\/uploads\/2018\/08\/15781571_1406269742738883_6139418050866219905_n-50x50.jpg 50w, https:\/\/allmountain.cl\/wp-content\/uploads\/2018\/08\/15781571_1406269742738883_6139418050866219905_n-150x150.jpg 150w, https:\/\/allmountain.cl\/wp-content\/uploads\/2018\/08\/15781571_1406269742738883_6139418050866219905_n-300x300.jpg 300w\" sizes=\"(max-width: 50px) 100vw, 50px\" \/>            <div class=\"testimonial-sign\"> Cody LeBlanc- Estados Unidos <\/div><\/div>\n          <\/div>\n          <\/div>                  <\/div>\n      <\/div>\n            <!-- Carousel nav --> \n      <a class=\"carousel-control left\" href=\"#myCarousel\" data-slide=\"prev\">&lsaquo;<\/a> <a class=\"carousel-control right\" href=\"#myCarousel\" data-slide=\"next\">&rsaquo;<\/a>\n          <\/div>\n  <\/div>\n<\/div>\n<\/div><\/div><div class=\"container\">\n\n<div class=\"code-wrap\"><span class=\"code\">[testimonials]<\/span><\/div>\n<div class=\"post-row\"><div class=\"post\"><div class=\"textshort\">\n<h4>Textbox<\/h4>\n<p>Nullam id dolor id nibh ultricies vehicula ut id elit. Donec sed odio dui. Sed posuere consectetur est at lobortis. Praesent commodo cursus magna, vel scelerisque nisl consectetur et. Maecenas sed diam eget risus varius blandit sit amet non magna. Aenean eu leo quam. Pellentesque ornare sem lacinia quam venenatis vestibulum. Maecenas faucibus mollis interdum. Maecenas sed diam eget risus varius blandit sit amet non magna. Nulla vitae elit libero, a pharetra augue.<\/p>\n<\/div><\/div><\/div>\n<div class=\"code-wrap\"><span class=\"code\">[textbox]Content[\/textbox]<\/span><\/div>\n","protected":false},"excerpt":{"rendered":"<p>Testimonials<\/p>\n","protected":false},"author":2,"featured_media":0,"parent":0,"menu_order":0,"comment_status":"open","ping_status":"open","template":"","meta":{"_acf_changed":false,"footnotes":""},"class_list":["post-154","page","type-page","status-publish","hentry"],"acf":[],"yoast_head":"<!-- This site is optimized with the Yoast SEO plugin v27.5 - https:\/\/yoast.com\/product\/yoast-seo-wordpress\/ -->\n<title>Testimonials and Text Boxes | AllMountain Chile<\/title>\n<meta name=\"robots\" content=\"index, follow, max-snippet:-1, max-image-preview:large, max-video-preview:-1\" \/>\n<link rel=\"canonical\" href=\"https:\/\/allmountain.cl\/headings-and-text-boxes\/\" \/>\n<meta property=\"og:locale\" content=\"en_US\" \/>\n<meta property=\"og:type\" content=\"article\" \/>\n<meta property=\"og:title\" content=\"Testimonials and Text Boxes | AllMountain Chile\" \/>\n<meta property=\"og:description\" content=\"Testimonials\" \/>\n<meta property=\"og:url\" content=\"https:\/\/allmountain.cl\/headings-and-text-boxes\/\" \/>\n<meta property=\"og:site_name\" content=\"AllMountain Chile\" \/>\n<meta property=\"article:publisher\" content=\"https:\/\/www.facebook.com\/allmountainchile\/\" \/>\n<meta name=\"twitter:card\" content=\"summary_large_image\" \/>\n<script type=\"application\/ld+json\" class=\"yoast-schema-graph\">{\"@context\":\"https:\\\/\\\/schema.org\",\"@graph\":[{\"@type\":\"WebPage\",\"@id\":\"https:\\\/\\\/allmountain.cl\\\/headings-and-text-boxes\\\/\",\"url\":\"https:\\\/\\\/allmountain.cl\\\/headings-and-text-boxes\\\/\",\"name\":\"Testimonials and Text Boxes | AllMountain Chile\",\"isPartOf\":{\"@id\":\"https:\\\/\\\/allmountain.cl\\\/#website\"},\"datePublished\":\"2013-06-03T21:14:28+00:00\",\"breadcrumb\":{\"@id\":\"https:\\\/\\\/allmountain.cl\\\/headings-and-text-boxes\\\/#breadcrumb\"},\"inLanguage\":\"en-US\",\"potentialAction\":[{\"@type\":\"ReadAction\",\"target\":[\"https:\\\/\\\/allmountain.cl\\\/headings-and-text-boxes\\\/\"]}]},{\"@type\":\"BreadcrumbList\",\"@id\":\"https:\\\/\\\/allmountain.cl\\\/headings-and-text-boxes\\\/#breadcrumb\",\"itemListElement\":[{\"@type\":\"ListItem\",\"position\":1,\"name\":\"Portada\",\"item\":\"https:\\\/\\\/allmountain.cl\\\/\"},{\"@type\":\"ListItem\",\"position\":2,\"name\":\"Testimonials and Text Boxes\"}]},{\"@type\":\"WebSite\",\"@id\":\"https:\\\/\\\/allmountain.cl\\\/#website\",\"url\":\"https:\\\/\\\/allmountain.cl\\\/\",\"name\":\"AllMountain Chile\",\"description\":\"Trekking &amp; Expeditions\",\"publisher\":{\"@id\":\"https:\\\/\\\/allmountain.cl\\\/#organization\"},\"potentialAction\":[{\"@type\":\"SearchAction\",\"target\":{\"@type\":\"EntryPoint\",\"urlTemplate\":\"https:\\\/\\\/allmountain.cl\\\/?s={search_term_string}\"},\"query-input\":{\"@type\":\"PropertyValueSpecification\",\"valueRequired\":true,\"valueName\":\"search_term_string\"}}],\"inLanguage\":\"en-US\"},{\"@type\":\"Organization\",\"@id\":\"https:\\\/\\\/allmountain.cl\\\/#organization\",\"name\":\"AllMountain Chile\",\"url\":\"https:\\\/\\\/allmountain.cl\\\/\",\"logo\":{\"@type\":\"ImageObject\",\"inLanguage\":\"en-US\",\"@id\":\"https:\\\/\\\/allmountain.cl\\\/#\\\/schema\\\/logo\\\/image\\\/\",\"url\":\"https:\\\/\\\/allmountain.cl\\\/wp-content\\\/uploads\\\/2023\\\/07\\\/Logo-fondo-negro.png\",\"contentUrl\":\"https:\\\/\\\/allmountain.cl\\\/wp-content\\\/uploads\\\/2023\\\/07\\\/Logo-fondo-negro.png\",\"width\":544,\"height\":384,\"caption\":\"AllMountain Chile\"},\"image\":{\"@id\":\"https:\\\/\\\/allmountain.cl\\\/#\\\/schema\\\/logo\\\/image\\\/\"},\"sameAs\":[\"https:\\\/\\\/www.facebook.com\\\/allmountainchile\\\/\",\"https:\\\/\\\/www.instagram.com\\\/allmountain.cl\\\/\"]}]}<\/script>\n<!-- \/ Yoast SEO plugin. -->","yoast_head_json":{"title":"Testimonials and Text Boxes | AllMountain Chile","robots":{"index":"index","follow":"follow","max-snippet":"max-snippet:-1","max-image-preview":"max-image-preview:large","max-video-preview":"max-video-preview:-1"},"canonical":"https:\/\/allmountain.cl\/headings-and-text-boxes\/","og_locale":"en_US","og_type":"article","og_title":"Testimonials and Text Boxes | AllMountain Chile","og_description":"Testimonials","og_url":"https:\/\/allmountain.cl\/headings-and-text-boxes\/","og_site_name":"AllMountain Chile","article_publisher":"https:\/\/www.facebook.com\/allmountainchile\/","twitter_card":"summary_large_image","schema":{"@context":"https:\/\/schema.org","@graph":[{"@type":"WebPage","@id":"https:\/\/allmountain.cl\/headings-and-text-boxes\/","url":"https:\/\/allmountain.cl\/headings-and-text-boxes\/","name":"Testimonials and Text Boxes | AllMountain Chile","isPartOf":{"@id":"https:\/\/allmountain.cl\/#website"},"datePublished":"2013-06-03T21:14:28+00:00","breadcrumb":{"@id":"https:\/\/allmountain.cl\/headings-and-text-boxes\/#breadcrumb"},"inLanguage":"en-US","potentialAction":[{"@type":"ReadAction","target":["https:\/\/allmountain.cl\/headings-and-text-boxes\/"]}]},{"@type":"BreadcrumbList","@id":"https:\/\/allmountain.cl\/headings-and-text-boxes\/#breadcrumb","itemListElement":[{"@type":"ListItem","position":1,"name":"Portada","item":"https:\/\/allmountain.cl\/"},{"@type":"ListItem","position":2,"name":"Testimonials and Text Boxes"}]},{"@type":"WebSite","@id":"https:\/\/allmountain.cl\/#website","url":"https:\/\/allmountain.cl\/","name":"AllMountain Chile","description":"Trekking &amp; Expeditions","publisher":{"@id":"https:\/\/allmountain.cl\/#organization"},"potentialAction":[{"@type":"SearchAction","target":{"@type":"EntryPoint","urlTemplate":"https:\/\/allmountain.cl\/?s={search_term_string}"},"query-input":{"@type":"PropertyValueSpecification","valueRequired":true,"valueName":"search_term_string"}}],"inLanguage":"en-US"},{"@type":"Organization","@id":"https:\/\/allmountain.cl\/#organization","name":"AllMountain Chile","url":"https:\/\/allmountain.cl\/","logo":{"@type":"ImageObject","inLanguage":"en-US","@id":"https:\/\/allmountain.cl\/#\/schema\/logo\/image\/","url":"https:\/\/allmountain.cl\/wp-content\/uploads\/2023\/07\/Logo-fondo-negro.png","contentUrl":"https:\/\/allmountain.cl\/wp-content\/uploads\/2023\/07\/Logo-fondo-negro.png","width":544,"height":384,"caption":"AllMountain Chile"},"image":{"@id":"https:\/\/allmountain.cl\/#\/schema\/logo\/image\/"},"sameAs":["https:\/\/www.facebook.com\/allmountainchile\/","https:\/\/www.instagram.com\/allmountain.cl\/"]}]}},"_links":{"self":[{"href":"https:\/\/allmountain.cl\/en\/wp-json\/wp\/v2\/pages\/154","targetHints":{"allow":["GET"]}}],"collection":[{"href":"https:\/\/allmountain.cl\/en\/wp-json\/wp\/v2\/pages"}],"about":[{"href":"https:\/\/allmountain.cl\/en\/wp-json\/wp\/v2\/types\/page"}],"author":[{"embeddable":true,"href":"https:\/\/allmountain.cl\/en\/wp-json\/wp\/v2\/users\/2"}],"replies":[{"embeddable":true,"href":"https:\/\/allmountain.cl\/en\/wp-json\/wp\/v2\/comments?post=154"}],"version-history":[{"count":0,"href":"https:\/\/allmountain.cl\/en\/wp-json\/wp\/v2\/pages\/154\/revisions"}],"wp:attachment":[{"href":"https:\/\/allmountain.cl\/en\/wp-json\/wp\/v2\/media?parent=154"}],"curies":[{"name":"wp","href":"https:\/\/api.w.org\/{rel}","templated":true}]}}