{"id":149,"date":"2013-06-03T21:07:07","date_gmt":"2013-06-03T21:07:07","guid":{"rendered":"http:\/\/pixelgrapes.com\/demo\/trek\/?page_id=149"},"modified":"2016-04-12T19:52:56","modified_gmt":"2016-04-12T23:52:56","slug":"recent-posts","status":"publish","type":"page","link":"https:\/\/allmountain.cl\/en\/recent-posts\/","title":{"rendered":"Recent Posts"},"content":{"rendered":"    <div class=\"row-fluid\">\n\t\t<div class=\"post-row blog-row\">\n   <div id=\"postsCarousel\" class=\"carousel postCarousel slide\">\n     <!-- Carousel items -->\n    <div class=\"carousel-inner\">\n        \n        <div class=\"active item row-fluid\">\n                  <div class=\"span3 post blogitem\">\n        <div class=\"img\">\n          <img decoding=\"async\" src=\"holder.js\/300x190\/text:no image\" alt=\"Placeholder\" \/>         <div class=\"mask\">\n\t\t\t\t <div class=\"mask\"> <a class= \"wrapmask\" href=\"https:\/\/allmountain.cl\/en\/2017\/11\/01\/espanol-lonely-planet-elige-a-chile-como-el-mejor-pais-para-viajar-el-2018\/\"><span><i class=\"icon-link maskicons\"><\/i><\/span><\/a> <\/div>\n\t\t\t<\/div>\n<\/div><div class=\"text-holder\">\n        <div class=\"text\">\n          <h4><a href=\"https:\/\/allmountain.cl\/en\/2017\/11\/01\/espanol-lonely-planet-elige-a-chile-como-el-mejor-pais-para-viajar-el-2018\/\">\n            (Espa\u00f1ol) Lonely Planet elige a Chile como el mejor pa\u00eds para viajar el 2018            <\/a><\/h4>\n          <p>Sorry, this entry is only available in Espa\u00f1ol.<\/p>\n        <\/div>\n        <div class=\"post-meta\"><span><i class=\"icon-pencil\"><\/i>By Rutchen<\/a><\/span> <span><i class=\"icon-comment\"><\/i>\n          0          comments<\/span><\/div><\/div>\n      <\/div>                    <div class=\"span3 post blogitem\">\n        <div class=\"img\">\n          <img decoding=\"async\" src=\"https:\/\/allmountain.cl\/wp-content\/uploads\/2015\/07\/134372898_1435740815209_title1n-370x250.jpg\" class=\"attachment-Blog Pic size-Blog Pic wp-post-image\" alt=\"\" \/>         <div class=\"mask\">\n\t\t\t\t <div class=\"mask\"> <a class= \"wrapmask\" href=\"https:\/\/allmountain.cl\/en\/2015\/07\/03\/china-chile-entra-en-vigor-exencion-reciproca-de-cobro-por-visado-de-turismo-o-negocio\/\"><span><i class=\"icon-link maskicons\"><\/i><\/span><\/a> <\/div>\n\t\t\t<\/div>\n<\/div><div class=\"text-holder\">\n        <div class=\"text\">\n          <h4><a href=\"https:\/\/allmountain.cl\/en\/2015\/07\/03\/china-chile-entra-en-vigor-exencion-reciproca-de-cobro-por-visado-de-turismo-o-negocio\/\">\n            China-Chile: Entra en vigor exenci\u00f3n rec\u00edproca de cobro por visado de turismo o negocio            <\/a><\/h4>\n          <p>BEIJING, 1 jul (Xinhua) &#8212; A partir de hoy, los turistas chinos que cuenten con [&hellip;]<\/p>\n        <\/div>\n        <div class=\"post-meta\"><span><i class=\"icon-pencil\"><\/i>By Rutchen<\/a><\/span> <span><i class=\"icon-comment\"><\/i>\n          0          comments<\/span><\/div><\/div>\n      <\/div>                    <div class=\"span3 post blogitem\">\n        <div class=\"img\">\n          <img decoding=\"async\" src=\"https:\/\/allmountain.cl\/wp-content\/uploads\/2015\/02\/MG_7582-370x250.jpg\" class=\"attachment-Blog Pic size-Blog Pic wp-post-image\" alt=\"\" \/>         <div class=\"mask\">\n\t\t\t\t <div class=\"mask\"> <a class= \"wrapmask\" href=\"https:\/\/allmountain.cl\/en\/2015\/04\/10\/ambientalistas-piden-que-glaciares-de-chile-sean-declarados-monumento-natural\/\"><span><i class=\"icon-link maskicons\"><\/i><\/span><\/a> <\/div>\n\t\t\t<\/div>\n<\/div><div class=\"text-holder\">\n        <div class=\"text\">\n          <h4><a href=\"https:\/\/allmountain.cl\/en\/2015\/04\/10\/ambientalistas-piden-que-glaciares-de-chile-sean-declarados-monumento-natural\/\">\n            Ambientalistas piden que glaciares de Chile sean declarados \u201cmonumento natural\u201d            <\/a><\/h4>\n          <p>Fundaci\u00f3n Terram y Greenpeace Chile dicen que iniciativa de Gobierno permite la intervenci\u00f3n y destrucci\u00f3n [&hellip;]<\/p>\n        <\/div>\n        <div class=\"post-meta\"><span><i class=\"icon-pencil\"><\/i>By Rutchen<\/a><\/span> <span><i class=\"icon-comment\"><\/i>\n          0          comments<\/span><\/div><\/div>\n      <\/div>                    <div class=\"span3 post blogitem\">\n        <div class=\"img\">\n          <img decoding=\"async\" src=\"https:\/\/allmountain.cl\/wp-content\/uploads\/2015\/04\/Guia_Turismo_Cultural_Diario_Turismo-200x176.png\" class=\"attachment-Blog Pic size-Blog Pic wp-post-image\" alt=\"\" \/>         <div class=\"mask\">\n\t\t\t\t <div class=\"mask\"> <a class= \"wrapmask\" href=\"https:\/\/allmountain.cl\/en\/2015\/04\/07\/trabajo-conjunto-entre-mexico-y-chile-permitio-crear-1ra-guia-de-turismo-cultural\/\"><span><i class=\"icon-link maskicons\"><\/i><\/span><\/a> <\/div>\n\t\t\t<\/div>\n<\/div><div class=\"text-holder\">\n        <div class=\"text\">\n          <h4><a href=\"https:\/\/allmountain.cl\/en\/2015\/04\/07\/trabajo-conjunto-entre-mexico-y-chile-permitio-crear-1ra-guia-de-turismo-cultural\/\">\n            Trabajo conjunto entre M\u00e9xico y Chile permiti\u00f3 crear 1ra Gu\u00eda de Turismo Cultural.            <\/a><\/h4>\n          <p>En la gu\u00eda, los interesados podr\u00e1n encontrar conceptos y lineamientos que contribuyen al di\u00e1logo entre [&hellip;]<\/p>\n        <\/div>\n        <div class=\"post-meta\"><span><i class=\"icon-pencil\"><\/i>By Rutchen<\/a><\/span> <span><i class=\"icon-comment\"><\/i>\n          1          comments<\/span><\/div><\/div>\n      <\/div><\/div><div class=\"item row-fluid\">                    <div class=\"span3 post blogitem\">\n        <div class=\"img\">\n          <img decoding=\"async\" src=\"https:\/\/allmountain.cl\/wp-content\/uploads\/2015\/03\/turismo-creativo-200x180.jpg\" class=\"attachment-Blog Pic size-Blog Pic wp-post-image\" alt=\"\" \/>         <div class=\"mask\">\n\t\t\t\t <div class=\"mask\"> <a class= \"wrapmask\" href=\"https:\/\/allmountain.cl\/en\/2015\/03\/22\/english-que-es-y-que-oportunidades-entrega-el-turismo-creativo-para-chile\/\"><span><i class=\"icon-link maskicons\"><\/i><\/span><\/a> <\/div>\n\t\t\t<\/div>\n<\/div><div class=\"text-holder\">\n        <div class=\"text\">\n          <h4><a href=\"https:\/\/allmountain.cl\/en\/2015\/03\/22\/english-que-es-y-que-oportunidades-entrega-el-turismo-creativo-para-chile\/\">\n            Qu\u00e9 es y qu\u00e9 oportunidades entrega el Turismo Creativo para Chile            <\/a><\/h4>\n          <p>En Chile ya se comenz\u00f3 a hablar de &#8220;Econom\u00eda Creativa&#8221; pero eso es un concepto [&hellip;]<\/p>\n        <\/div>\n        <div class=\"post-meta\"><span><i class=\"icon-pencil\"><\/i>By Rutchen<\/a><\/span> <span><i class=\"icon-comment\"><\/i>\n          0          comments<\/span><\/div><\/div>\n      <\/div>                    <div class=\"span3 post blogitem\">\n        <div class=\"img\">\n          <img decoding=\"async\" src=\"https:\/\/allmountain.cl\/wp-content\/uploads\/2015\/03\/conguillio_133455-L0x0-370x250.jpg\" class=\"attachment-Blog Pic size-Blog Pic wp-post-image\" alt=\"\" \/>         <div class=\"mask\">\n\t\t\t\t <div class=\"mask\"> <a class= \"wrapmask\" href=\"https:\/\/allmountain.cl\/en\/2015\/03\/22\/70-hectareas-del-parque-nacional-conguillio-han-sido-quemadas-por-incendio-forestal\/\"><span><i class=\"icon-link maskicons\"><\/i><\/span><\/a> <\/div>\n\t\t\t<\/div>\n<\/div><div class=\"text-holder\">\n        <div class=\"text\">\n          <h4><a href=\"https:\/\/allmountain.cl\/en\/2015\/03\/22\/70-hectareas-del-parque-nacional-conguillio-han-sido-quemadas-por-incendio-forestal\/\">\n            70 hect\u00e1reas del Parque Nacional Conguill\u00edo han sido quemadas por incendio forestal            <\/a><\/h4>\n          <p>Tras el paso del incendio por la Reserva Nacional China Muerta, que ha consumido 3.515 [&hellip;]<\/p>\n        <\/div>\n        <div class=\"post-meta\"><span><i class=\"icon-pencil\"><\/i>By Rutchen<\/a><\/span> <span><i class=\"icon-comment\"><\/i>\n          0          comments<\/span><\/div><\/div>\n      <\/div>                <\/div>\n      <\/div>\n            <!-- Carousel nav --> \n      <a class=\"carousel-control left\" href=\"#postsCarousel\" data-slide=\"prev\">&lsaquo;<\/a> <a class=\"carousel-control right\" href=\"#postsCarousel\" data-slide=\"next\">&rsaquo;<\/a>\n          <\/div><\/div><\/div>\n      \n<div class=\"code-wrap\"><span class=\"code\">[recent_posts number=\"8\"]<\/span><\/div>\n","protected":false},"excerpt":{"rendered":"","protected":false},"author":2,"featured_media":0,"parent":0,"menu_order":0,"comment_status":"open","ping_status":"open","template":"","meta":{"_acf_changed":false,"footnotes":""},"class_list":["post-149","page","type-page","status-publish","hentry"],"acf":[],"yoast_head":"<!-- This site is optimized with the Yoast SEO plugin v26.0 - https:\/\/yoast.com\/wordpress\/plugins\/seo\/ -->\n<title>Recent Posts | AllMountain Chile<\/title>\n<meta name=\"robots\" content=\"index, follow, max-snippet:-1, max-image-preview:large, max-video-preview:-1\" \/>\n<link rel=\"canonical\" href=\"https:\/\/allmountain.cl\/recent-posts\/\" \/>\n<meta property=\"og:locale\" content=\"en_US\" \/>\n<meta property=\"og:type\" content=\"article\" \/>\n<meta property=\"og:title\" content=\"Recent Posts | AllMountain Chile\" \/>\n<meta property=\"og:url\" content=\"https:\/\/allmountain.cl\/recent-posts\/\" \/>\n<meta property=\"og:site_name\" content=\"AllMountain Chile\" \/>\n<meta property=\"article:publisher\" content=\"https:\/\/www.facebook.com\/allmountainchile\/\" \/>\n<meta property=\"article:modified_time\" content=\"2016-04-12T23:52:56+00:00\" \/>\n<meta name=\"twitter:card\" content=\"summary_large_image\" \/>\n<script type=\"application\/ld+json\" class=\"yoast-schema-graph\">{\"@context\":\"https:\/\/schema.org\",\"@graph\":[{\"@type\":\"WebPage\",\"@id\":\"https:\/\/allmountain.cl\/recent-posts\/\",\"url\":\"https:\/\/allmountain.cl\/recent-posts\/\",\"name\":\"Recent Posts | AllMountain Chile\",\"isPartOf\":{\"@id\":\"https:\/\/allmountain.cl\/#website\"},\"datePublished\":\"2013-06-03T21:07:07+00:00\",\"dateModified\":\"2016-04-12T23:52:56+00:00\",\"breadcrumb\":{\"@id\":\"https:\/\/allmountain.cl\/recent-posts\/#breadcrumb\"},\"inLanguage\":\"en-US\",\"potentialAction\":[{\"@type\":\"ReadAction\",\"target\":[\"https:\/\/allmountain.cl\/recent-posts\/\"]}]},{\"@type\":\"BreadcrumbList\",\"@id\":\"https:\/\/allmountain.cl\/recent-posts\/#breadcrumb\",\"itemListElement\":[{\"@type\":\"ListItem\",\"position\":1,\"name\":\"Portada\",\"item\":\"https:\/\/allmountain.cl\/\"},{\"@type\":\"ListItem\",\"position\":2,\"name\":\"Recent Posts\"}]},{\"@type\":\"WebSite\",\"@id\":\"https:\/\/allmountain.cl\/#website\",\"url\":\"https:\/\/allmountain.cl\/\",\"name\":\"AllMountain Chile\",\"description\":\"Trekking &amp; Expeditions\",\"publisher\":{\"@id\":\"https:\/\/allmountain.cl\/#organization\"},\"potentialAction\":[{\"@type\":\"SearchAction\",\"target\":{\"@type\":\"EntryPoint\",\"urlTemplate\":\"https:\/\/allmountain.cl\/?s={search_term_string}\"},\"query-input\":{\"@type\":\"PropertyValueSpecification\",\"valueRequired\":true,\"valueName\":\"search_term_string\"}}],\"inLanguage\":\"en-US\"},{\"@type\":\"Organization\",\"@id\":\"https:\/\/allmountain.cl\/#organization\",\"name\":\"AllMountain Chile\",\"url\":\"https:\/\/allmountain.cl\/\",\"logo\":{\"@type\":\"ImageObject\",\"inLanguage\":\"en-US\",\"@id\":\"https:\/\/allmountain.cl\/#\/schema\/logo\/image\/\",\"url\":\"https:\/\/allmountain.cl\/wp-content\/uploads\/2023\/07\/Logo-fondo-negro.png\",\"contentUrl\":\"https:\/\/allmountain.cl\/wp-content\/uploads\/2023\/07\/Logo-fondo-negro.png\",\"width\":544,\"height\":384,\"caption\":\"AllMountain Chile\"},\"image\":{\"@id\":\"https:\/\/allmountain.cl\/#\/schema\/logo\/image\/\"},\"sameAs\":[\"https:\/\/www.facebook.com\/allmountainchile\/\",\"https:\/\/www.instagram.com\/allmountain.cl\/\"]}]}<\/script>\n<!-- \/ Yoast SEO plugin. -->","yoast_head_json":{"title":"Recent Posts | AllMountain Chile","robots":{"index":"index","follow":"follow","max-snippet":"max-snippet:-1","max-image-preview":"max-image-preview:large","max-video-preview":"max-video-preview:-1"},"canonical":"https:\/\/allmountain.cl\/recent-posts\/","og_locale":"en_US","og_type":"article","og_title":"Recent Posts | AllMountain Chile","og_url":"https:\/\/allmountain.cl\/recent-posts\/","og_site_name":"AllMountain Chile","article_publisher":"https:\/\/www.facebook.com\/allmountainchile\/","article_modified_time":"2016-04-12T23:52:56+00:00","twitter_card":"summary_large_image","schema":{"@context":"https:\/\/schema.org","@graph":[{"@type":"WebPage","@id":"https:\/\/allmountain.cl\/recent-posts\/","url":"https:\/\/allmountain.cl\/recent-posts\/","name":"Recent Posts | AllMountain Chile","isPartOf":{"@id":"https:\/\/allmountain.cl\/#website"},"datePublished":"2013-06-03T21:07:07+00:00","dateModified":"2016-04-12T23:52:56+00:00","breadcrumb":{"@id":"https:\/\/allmountain.cl\/recent-posts\/#breadcrumb"},"inLanguage":"en-US","potentialAction":[{"@type":"ReadAction","target":["https:\/\/allmountain.cl\/recent-posts\/"]}]},{"@type":"BreadcrumbList","@id":"https:\/\/allmountain.cl\/recent-posts\/#breadcrumb","itemListElement":[{"@type":"ListItem","position":1,"name":"Portada","item":"https:\/\/allmountain.cl\/"},{"@type":"ListItem","position":2,"name":"Recent Posts"}]},{"@type":"WebSite","@id":"https:\/\/allmountain.cl\/#website","url":"https:\/\/allmountain.cl\/","name":"AllMountain Chile","description":"Trekking &amp; Expeditions","publisher":{"@id":"https:\/\/allmountain.cl\/#organization"},"potentialAction":[{"@type":"SearchAction","target":{"@type":"EntryPoint","urlTemplate":"https:\/\/allmountain.cl\/?s={search_term_string}"},"query-input":{"@type":"PropertyValueSpecification","valueRequired":true,"valueName":"search_term_string"}}],"inLanguage":"en-US"},{"@type":"Organization","@id":"https:\/\/allmountain.cl\/#organization","name":"AllMountain Chile","url":"https:\/\/allmountain.cl\/","logo":{"@type":"ImageObject","inLanguage":"en-US","@id":"https:\/\/allmountain.cl\/#\/schema\/logo\/image\/","url":"https:\/\/allmountain.cl\/wp-content\/uploads\/2023\/07\/Logo-fondo-negro.png","contentUrl":"https:\/\/allmountain.cl\/wp-content\/uploads\/2023\/07\/Logo-fondo-negro.png","width":544,"height":384,"caption":"AllMountain Chile"},"image":{"@id":"https:\/\/allmountain.cl\/#\/schema\/logo\/image\/"},"sameAs":["https:\/\/www.facebook.com\/allmountainchile\/","https:\/\/www.instagram.com\/allmountain.cl\/"]}]}},"_links":{"self":[{"href":"https:\/\/allmountain.cl\/en\/wp-json\/wp\/v2\/pages\/149","targetHints":{"allow":["GET"]}}],"collection":[{"href":"https:\/\/allmountain.cl\/en\/wp-json\/wp\/v2\/pages"}],"about":[{"href":"https:\/\/allmountain.cl\/en\/wp-json\/wp\/v2\/types\/page"}],"author":[{"embeddable":true,"href":"https:\/\/allmountain.cl\/en\/wp-json\/wp\/v2\/users\/2"}],"replies":[{"embeddable":true,"href":"https:\/\/allmountain.cl\/en\/wp-json\/wp\/v2\/comments?post=149"}],"version-history":[{"count":2,"href":"https:\/\/allmountain.cl\/en\/wp-json\/wp\/v2\/pages\/149\/revisions"}],"predecessor-version":[{"id":1439,"href":"https:\/\/allmountain.cl\/en\/wp-json\/wp\/v2\/pages\/149\/revisions\/1439"}],"wp:attachment":[{"href":"https:\/\/allmountain.cl\/en\/wp-json\/wp\/v2\/media?parent=149"}],"curies":[{"name":"wp","href":"https:\/\/api.w.org\/{rel}","templated":true}]}}